{"id":6725,"date":"2021-05-26T18:16:02","date_gmt":"2021-05-26T18:16:02","guid":{"rendered":"https:\/\/freetargets.net\/?page_id=6725"},"modified":"2021-05-30T07:45:57","modified_gmt":"2021-05-30T07:45:57","slug":"haftungsausschluss","status":"publish","type":"page","link":"https:\/\/freetargets.net\/de\/haftungsausschluss\/","title":{"rendered":"Haftungsausschluss"},"content":{"rendered":"<div id=\"cmplz-document\" class=\"cmplz-document cookie-statement\">\n<h2>1. Anspr\u00fcche<\/h2>\n<p>Freetargets.net macht sich die in den Blogkommentaren vertretenen Meinungen und Behauptungen nicht zu eigen<\/p>\n<h2>2. Gew\u00e4hr<\/h2>\n<p>Freetargets.net \u00fcbernimmt keinerlei Gew\u00e4hr f\u00fcr die Aktualit\u00e4t, Vollst\u00e4ndigkeit und Richtigkeit der bereitgestellten Informationen bez\u00fcglich des Erwerbes, der Lagerung, der Instandhaltung, der Montage oder der Anwendung und Bedienung aller Arten von Waffen und Zubeh\u00f6rteilen, respektive deren Nachbauten.<\/p>\n<p>In jedem Fall gelten die Anweisungen und Vorgaben der jeweiligen Hersteller und\/oder Lieferanten<\/p>\n<h2>3. Haftung<\/h2>\n<p>Die Haftung f\u00fcr leicht fahrl\u00e4ssige Pflichtverletzungen ist ausgeschlossen, sofern diese keine vertragswesentlichen Pflichten, Leben, Gesundheit oder K\u00f6rper betreffen oder Anspr\u00fcche nach dem Produkthaftungsgesetz ber\u00fchrt sind<\/p>\n<h2>4. Rechtsverst\u00f6sse<\/h2>\n<p>Ich bitte Sie, bei Rechtsverst\u00f6ssen sich ohne Einschaltung eines Rechtsanwalts an Freetargets.net zu wenden und wir werden die Rechtsverletzung unverz\u00fcglich beseitigen<\/p>\n<h2>5. Zielgruppe<\/h2>\n<p>Diese Informationen richten sich an B\u00fcrger der Europ\u00e4ischen Wirtschaftszone<\/p>\n<h2>6. Kontakt<\/h2>\n<p>Bei Fragen und\/oder Kommentaren zu dieser Erkl\u00e4rung kontaktieren Sie uns bitte unter den folgenden Kontaktdaten:<\/p>\n<p>Marc Bueltmann<br \/>\nFeldstrasse 22<br \/>\n5737 Menziken<br \/>\nSwitzerland<\/p>\n<p>Website: <a href=\"https:\/\/freetargets.net\">https:\/\/freetargets.net<\/a><br \/>\nEmail: <a href=\"mailto:info@freetargets.net\">info@freetargets.net<\/a><br \/>\nPhone number: 062 771 55 65<\/p>\n<\/div>\n","protected":false},"excerpt":{"rendered":"<p>1. Anspr\u00fcche Freetargets.net macht sich die in den Blogkommentaren vertretenen Meinungen und Behauptungen nicht zu eigen 2. Gew\u00e4hr Freetargets.net \u00fcbernimmt keinerlei Gew\u00e4hr f\u00fcr die Aktualit\u00e4t, Vollst\u00e4ndigkeit und Richtigkeit der bereitgestellten Informationen bez\u00fcglich des Erwerbes, der Lagerung, der Instandhaltung, der Montage oder der Anwendung und Bedienung aller Arten von Waffen und Zubeh\u00f6rteilen, respektive deren Nachbauten. In [&hellip;]<\/p>\n","protected":false},"author":1,"featured_media":0,"parent":0,"menu_order":0,"comment_status":"closed","ping_status":"closed","template":"","meta":{"advgb_blocks_editor_width":"","advgb_blocks_columns_visual_guide":"","footnotes":""},"scenes-manufacturer":[],"class_list":["post-6725","page","type-page","status-publish","hentry"],"yoast_head":"<!-- This site is optimized with the Yoast SEO plugin v24.4 - https:\/\/yoast.com\/wordpress\/plugins\/seo\/ -->\n<title>Haftungsausschluss | Freetargets<\/title>\n<meta name=\"robots\" content=\"index, follow, max-snippet:-1, max-image-preview:large, max-video-preview:-1\" \/>\n<link rel=\"canonical\" href=\"https:\/\/freetargets.net\/de\/haftungsausschluss\/\" \/>\n<meta property=\"og:locale\" content=\"de_DE\" \/>\n<meta property=\"og:type\" content=\"article\" \/>\n<meta property=\"og:title\" content=\"Haftungsausschluss | Freetargets\" \/>\n<meta property=\"og:description\" content=\"1. Anspr\u00fcche Freetargets.net macht sich die in den Blogkommentaren vertretenen Meinungen und Behauptungen nicht zu eigen 2. Gew\u00e4hr Freetargets.net \u00fcbernimmt keinerlei Gew\u00e4hr f\u00fcr die Aktualit\u00e4t, Vollst\u00e4ndigkeit und Richtigkeit der bereitgestellten Informationen bez\u00fcglich des Erwerbes, der Lagerung, der Instandhaltung, der Montage oder der Anwendung und Bedienung aller Arten von Waffen und Zubeh\u00f6rteilen, respektive deren Nachbauten. In [&hellip;]\" \/>\n<meta property=\"og:url\" content=\"https:\/\/freetargets.net\/de\/haftungsausschluss\/\" \/>\n<meta property=\"og:site_name\" content=\"Freetargets\" \/>\n<meta property=\"article:modified_time\" content=\"2021-05-30T07:45:57+00:00\" \/>\n<meta name=\"twitter:card\" content=\"summary_large_image\" \/>\n<meta name=\"twitter:label1\" content=\"Gesch\u00e4tzte Lesezeit\" \/>\n\t<meta name=\"twitter:data1\" content=\"1\u00a0Minute\" \/>\n<script type=\"application\/ld+json\" class=\"yoast-schema-graph\">{\"@context\":\"https:\/\/schema.org\",\"@graph\":[{\"@type\":\"WebPage\",\"@id\":\"https:\/\/freetargets.net\/de\/haftungsausschluss\/\",\"url\":\"https:\/\/freetargets.net\/de\/haftungsausschluss\/\",\"name\":\"Haftungsausschluss | Freetargets\",\"isPartOf\":{\"@id\":\"https:\/\/freetargets.net\/de\/#website\"},\"datePublished\":\"2021-05-26T18:16:02+00:00\",\"dateModified\":\"2021-05-30T07:45:57+00:00\",\"breadcrumb\":{\"@id\":\"https:\/\/freetargets.net\/de\/haftungsausschluss\/#breadcrumb\"},\"inLanguage\":\"de\",\"potentialAction\":[{\"@type\":\"ReadAction\",\"target\":[\"https:\/\/freetargets.net\/de\/haftungsausschluss\/\"]}]},{\"@type\":\"BreadcrumbList\",\"@id\":\"https:\/\/freetargets.net\/de\/haftungsausschluss\/#breadcrumb\",\"itemListElement\":[{\"@type\":\"ListItem\",\"position\":1,\"name\":\"Startseite\",\"item\":\"https:\/\/freetargets.net\/de\/\"},{\"@type\":\"ListItem\",\"position\":2,\"name\":\"Haftungsausschluss\"}]},{\"@type\":\"WebSite\",\"@id\":\"https:\/\/freetargets.net\/de\/#website\",\"url\":\"https:\/\/freetargets.net\/de\/\",\"name\":\"Freetargets\",\"description\":\"Professionelle Video Schiess-Systeme\",\"publisher\":{\"@id\":\"https:\/\/freetargets.net\/de\/#organization\"},\"potentialAction\":[{\"@type\":\"SearchAction\",\"target\":{\"@type\":\"EntryPoint\",\"urlTemplate\":\"https:\/\/freetargets.net\/de\/?s={search_term_string}\"},\"query-input\":{\"@type\":\"PropertyValueSpecification\",\"valueRequired\":true,\"valueName\":\"search_term_string\"}}],\"inLanguage\":\"de\"},{\"@type\":\"Organization\",\"@id\":\"https:\/\/freetargets.net\/de\/#organization\",\"name\":\"Freetargets.net\",\"url\":\"https:\/\/freetargets.net\/de\/\",\"logo\":{\"@type\":\"ImageObject\",\"inLanguage\":\"de\",\"@id\":\"https:\/\/freetargets.net\/de\/#\/schema\/logo\/image\/\",\"url\":\"https:\/\/freetargets.net\/wp-content\/uploads\/2018\/03\/Freetargets-Black@2x.png\",\"contentUrl\":\"https:\/\/freetargets.net\/wp-content\/uploads\/2018\/03\/Freetargets-Black@2x.png\",\"width\":4310,\"height\":702,\"caption\":\"Freetargets.net\"},\"image\":{\"@id\":\"https:\/\/freetargets.net\/de\/#\/schema\/logo\/image\/\"}}]}<\/script>\n<!-- \/ Yoast SEO plugin. -->","yoast_head_json":{"title":"Haftungsausschluss | Freetargets","robots":{"index":"index","follow":"follow","max-snippet":"max-snippet:-1","max-image-preview":"max-image-preview:large","max-video-preview":"max-video-preview:-1"},"canonical":"https:\/\/freetargets.net\/de\/haftungsausschluss\/","og_locale":"de_DE","og_type":"article","og_title":"Haftungsausschluss | Freetargets","og_description":"1. Anspr\u00fcche Freetargets.net macht sich die in den Blogkommentaren vertretenen Meinungen und Behauptungen nicht zu eigen 2. Gew\u00e4hr Freetargets.net \u00fcbernimmt keinerlei Gew\u00e4hr f\u00fcr die Aktualit\u00e4t, Vollst\u00e4ndigkeit und Richtigkeit der bereitgestellten Informationen bez\u00fcglich des Erwerbes, der Lagerung, der Instandhaltung, der Montage oder der Anwendung und Bedienung aller Arten von Waffen und Zubeh\u00f6rteilen, respektive deren Nachbauten. In [&hellip;]","og_url":"https:\/\/freetargets.net\/de\/haftungsausschluss\/","og_site_name":"Freetargets","article_modified_time":"2021-05-30T07:45:57+00:00","twitter_card":"summary_large_image","twitter_misc":{"Gesch\u00e4tzte Lesezeit":"1\u00a0Minute"},"schema":{"@context":"https:\/\/schema.org","@graph":[{"@type":"WebPage","@id":"https:\/\/freetargets.net\/de\/haftungsausschluss\/","url":"https:\/\/freetargets.net\/de\/haftungsausschluss\/","name":"Haftungsausschluss | Freetargets","isPartOf":{"@id":"https:\/\/freetargets.net\/de\/#website"},"datePublished":"2021-05-26T18:16:02+00:00","dateModified":"2021-05-30T07:45:57+00:00","breadcrumb":{"@id":"https:\/\/freetargets.net\/de\/haftungsausschluss\/#breadcrumb"},"inLanguage":"de","potentialAction":[{"@type":"ReadAction","target":["https:\/\/freetargets.net\/de\/haftungsausschluss\/"]}]},{"@type":"BreadcrumbList","@id":"https:\/\/freetargets.net\/de\/haftungsausschluss\/#breadcrumb","itemListElement":[{"@type":"ListItem","position":1,"name":"Startseite","item":"https:\/\/freetargets.net\/de\/"},{"@type":"ListItem","position":2,"name":"Haftungsausschluss"}]},{"@type":"WebSite","@id":"https:\/\/freetargets.net\/de\/#website","url":"https:\/\/freetargets.net\/de\/","name":"Freetargets","description":"Professionelle Video Schiess-Systeme","publisher":{"@id":"https:\/\/freetargets.net\/de\/#organization"},"potentialAction":[{"@type":"SearchAction","target":{"@type":"EntryPoint","urlTemplate":"https:\/\/freetargets.net\/de\/?s={search_term_string}"},"query-input":{"@type":"PropertyValueSpecification","valueRequired":true,"valueName":"search_term_string"}}],"inLanguage":"de"},{"@type":"Organization","@id":"https:\/\/freetargets.net\/de\/#organization","name":"Freetargets.net","url":"https:\/\/freetargets.net\/de\/","logo":{"@type":"ImageObject","inLanguage":"de","@id":"https:\/\/freetargets.net\/de\/#\/schema\/logo\/image\/","url":"https:\/\/freetargets.net\/wp-content\/uploads\/2018\/03\/Freetargets-Black@2x.png","contentUrl":"https:\/\/freetargets.net\/wp-content\/uploads\/2018\/03\/Freetargets-Black@2x.png","width":4310,"height":702,"caption":"Freetargets.net"},"image":{"@id":"https:\/\/freetargets.net\/de\/#\/schema\/logo\/image\/"}}]}},"coauthors":[],"author_meta":{"author_link":"https:\/\/freetargets.net\/de\/author\/buecom_pf777csy\/","display_name":"admin"},"relative_dates":{"created":"Posted 5\u00a0Jahren ago","modified":"Updated 5\u00a0Jahren ago"},"absolute_dates":{"created":"Posted on Mai 26, 2021","modified":"Updated on Mai 30, 2021"},"absolute_dates_time":{"created":"Posted on Mai 26, 2021 6:16 p.m.","modified":"Updated on Mai 30, 2021 7:45 a.m."},"featured_img_caption":"","featured_img":false,"series_order":"","_links":{"self":[{"href":"https:\/\/freetargets.net\/de\/wp-json\/wp\/v2\/pages\/6725"}],"collection":[{"href":"https:\/\/freetargets.net\/de\/wp-json\/wp\/v2\/pages"}],"about":[{"href":"https:\/\/freetargets.net\/de\/wp-json\/wp\/v2\/types\/page"}],"author":[{"embeddable":true,"href":"https:\/\/freetargets.net\/de\/wp-json\/wp\/v2\/users\/1"}],"replies":[{"embeddable":true,"href":"https:\/\/freetargets.net\/de\/wp-json\/wp\/v2\/comments?post=6725"}],"version-history":[{"count":0,"href":"https:\/\/freetargets.net\/de\/wp-json\/wp\/v2\/pages\/6725\/revisions"}],"wp:attachment":[{"href":"https:\/\/freetargets.net\/de\/wp-json\/wp\/v2\/media?parent=6725"}],"wp:term":[{"taxonomy":"scenes-manufacturer","embeddable":true,"href":"https:\/\/freetargets.net\/de\/wp-json\/wp\/v2\/scenes-manufacturer?post=6725"}],"curies":[{"name":"wp","href":"https:\/\/api.w.org\/{rel}","templated":true}]}}